{"id":1747,"date":"2023-11-22T13:15:42","date_gmt":"2023-11-22T13:15:42","guid":{"rendered":"https:\/\/hightechvision.ma\/?page_id=1747"},"modified":"2024-03-29T16:15:38","modified_gmt":"2024-03-29T16:15:38","slug":"studios-tv","status":"publish","type":"page","link":"https:\/\/hightechvision.ma\/index.php\/studios-tv\/","title":{"rendered":"Studios TV"},"content":{"rendered":"\t\t<div data-elementor-type=\"wp-page\" data-elementor-id=\"1747\" class=\"elementor elementor-1747\">\n\t\t\t\t\t\t<section class=\"elementor-section elementor-top-section elementor-element elementor-element-cej8a27 elementor-section-full_width elementor-section-height-default elementor-section-height-default wpr-particle-no wpr-sticky-section-no\" data-id=\"cej8a27\" data-element_type=\"section\" data-settings=\"{&quot;background_background&quot;:&quot;classic&quot;}\">\n\t\t\t\t\t\t<div class=\"elementor-container elementor-column-gap-no\">\n\t\t\t\t\t<div class=\"elementor-column elementor-col-100 elementor-top-column elementor-element elementor-element-0814f73\" data-id=\"0814f73\" data-element_type=\"column\">\n\t\t\t<div class=\"elementor-widget-wrap elementor-element-populated\">\n\t\t\t\t\t\t<div class=\"elementor-element elementor-element-18ea619 elementor-widget elementor-widget-image\" data-id=\"18ea619\" data-element_type=\"widget\" data-widget_type=\"image.default\">\n\t\t\t\t<div class=\"elementor-widget-container\">\n\t\t\t<style>\/*! elementor - v3.20.0 - 26-03-2024 *\/\n.elementor-widget-image{text-align:center}.elementor-widget-image a{display:inline-block}.elementor-widget-image a img[src$=\".svg\"]{width:48px}.elementor-widget-image img{vertical-align:middle;display:inline-block}<\/style>\t\t\t\t\t\t\t\t\t\t<img decoding=\"async\" src=\"https:\/\/hightechvision.ma\/wp-content\/uploads\/elementor\/thumbs\/Design-sans-titre-74-qlxknunwx70e2jkq8hiy622fx3992kcaqlqrnwx47c.png\" title=\"Design sans titre (74)\" alt=\"Design sans titre (74)\" loading=\"lazy\" \/>\t\t\t\t\t\t\t\t\t\t\t\t\t<\/div>\n\t\t\t\t<\/div>\n\t\t\t\t<div class=\"elementor-element elementor-element-cbdef1f elementor-widget elementor-widget-spacer\" data-id=\"cbdef1f\" data-element_type=\"widget\" data-widget_type=\"spacer.default\">\n\t\t\t\t<div class=\"elementor-widget-container\">\n\t\t\t<style>\/*! elementor - v3.20.0 - 26-03-2024 *\/\n.elementor-column .elementor-spacer-inner{height:var(--spacer-size)}.e-con{--container-widget-width:100%}.e-con-inner>.elementor-widget-spacer,.e-con>.elementor-widget-spacer{width:var(--container-widget-width,var(--spacer-size));--align-self:var(--container-widget-align-self,initial);--flex-shrink:0}.e-con-inner>.elementor-widget-spacer>.elementor-widget-container,.e-con>.elementor-widget-spacer>.elementor-widget-container{height:100%;width:100%}.e-con-inner>.elementor-widget-spacer>.elementor-widget-container>.elementor-spacer,.e-con>.elementor-widget-spacer>.elementor-widget-container>.elementor-spacer{height:100%}.e-con-inner>.elementor-widget-spacer>.elementor-widget-container>.elementor-spacer>.elementor-spacer-inner,.e-con>.elementor-widget-spacer>.elementor-widget-container>.elementor-spacer>.elementor-spacer-inner{height:var(--container-widget-height,var(--spacer-size))}.e-con-inner>.elementor-widget-spacer.elementor-widget-empty,.e-con>.elementor-widget-spacer.elementor-widget-empty{position:relative;min-height:22px;min-width:22px}.e-con-inner>.elementor-widget-spacer.elementor-widget-empty .elementor-widget-empty-icon,.e-con>.elementor-widget-spacer.elementor-widget-empty .elementor-widget-empty-icon{position:absolute;top:0;bottom:0;left:0;right:0;margin:auto;padding:0;width:22px;height:22px}<\/style>\t\t<div class=\"elementor-spacer\">\n\t\t\t<div class=\"elementor-spacer-inner\"><\/div>\n\t\t<\/div>\n\t\t\t\t<\/div>\n\t\t\t\t<\/div>\n\t\t\t\t<div class=\"elementor-element elementor-element-63b5067 elementor-widget elementor-widget-heading\" data-id=\"63b5067\" data-element_type=\"widget\" data-widget_type=\"heading.default\">\n\t\t\t\t<div class=\"elementor-widget-container\">\n\t\t\t<style>\/*! elementor - v3.20.0 - 26-03-2024 *\/\n.elementor-heading-title{padding:0;margin:0;line-height:1}.elementor-widget-heading .elementor-heading-title[class*=elementor-size-]>a{color:inherit;font-size:inherit;line-height:inherit}.elementor-widget-heading .elementor-heading-title.elementor-size-small{font-size:15px}.elementor-widget-heading .elementor-heading-title.elementor-size-medium{font-size:19px}.elementor-widget-heading .elementor-heading-title.elementor-size-large{font-size:29px}.elementor-widget-heading .elementor-heading-title.elementor-size-xl{font-size:39px}.elementor-widget-heading .elementor-heading-title.elementor-size-xxl{font-size:59px}<\/style><h2 class=\"elementor-heading-title elementor-size-default\">Studios TV<\/h2>\t\t<\/div>\n\t\t\t\t<\/div>\n\t\t\t\t\t<\/div>\n\t\t<\/div>\n\t\t\t\t\t<\/div>\n\t\t<\/section>\n\t\t\t\t<section class=\"elementor-section elementor-top-section elementor-element elementor-element-36dd043 elementor-section-boxed elementor-section-height-default elementor-section-height-default wpr-particle-no wpr-sticky-section-no\" data-id=\"36dd043\" data-element_type=\"section\">\n\t\t\t\t\t\t<div class=\"elementor-container elementor-column-gap-default\">\n\t\t\t\t\t<div class=\"elementor-column elementor-col-100 elementor-top-column elementor-element elementor-element-a5ba264\" data-id=\"a5ba264\" data-element_type=\"column\">\n\t\t\t<div class=\"elementor-widget-wrap elementor-element-populated\">\n\t\t\t\t\t\t<div class=\"elementor-element elementor-element-ec31c24 elementor-widget-divider--view-line elementor-widget elementor-widget-divider\" data-id=\"ec31c24\" data-element_type=\"widget\" data-widget_type=\"divider.default\">\n\t\t\t\t<div class=\"elementor-widget-container\">\n\t\t\t<style>\/*! elementor - v3.20.0 - 26-03-2024 *\/\n.elementor-widget-divider{--divider-border-style:none;--divider-border-width:1px;--divider-color:#0c0d0e;--divider-icon-size:20px;--divider-element-spacing:10px;--divider-pattern-height:24px;--divider-pattern-size:20px;--divider-pattern-url:none;--divider-pattern-repeat:repeat-x}.elementor-widget-divider .elementor-divider{display:flex}.elementor-widget-divider .elementor-divider__text{font-size:15px;line-height:1;max-width:95%}.elementor-widget-divider .elementor-divider__element{margin:0 var(--divider-element-spacing);flex-shrink:0}.elementor-widget-divider .elementor-icon{font-size:var(--divider-icon-size)}.elementor-widget-divider .elementor-divider-separator{display:flex;margin:0;direction:ltr}.elementor-widget-divider--view-line_icon .elementor-divider-separator,.elementor-widget-divider--view-line_text .elementor-divider-separator{align-items:center}.elementor-widget-divider--view-line_icon .elementor-divider-separator:after,.elementor-widget-divider--view-line_icon .elementor-divider-separator:before,.elementor-widget-divider--view-line_text .elementor-divider-separator:after,.elementor-widget-divider--view-line_text .elementor-divider-separator:before{display:block;content:\"\";border-block-end:0;flex-grow:1;border-block-start:var(--divider-border-width) var(--divider-border-style) var(--divider-color)}.elementor-widget-divider--element-align-left .elementor-divider .elementor-divider-separator>.elementor-divider__svg:first-of-type{flex-grow:0;flex-shrink:100}.elementor-widget-divider--element-align-left .elementor-divider-separator:before{content:none}.elementor-widget-divider--element-align-left .elementor-divider__element{margin-left:0}.elementor-widget-divider--element-align-right .elementor-divider .elementor-divider-separator>.elementor-divider__svg:last-of-type{flex-grow:0;flex-shrink:100}.elementor-widget-divider--element-align-right .elementor-divider-separator:after{content:none}.elementor-widget-divider--element-align-right .elementor-divider__element{margin-right:0}.elementor-widget-divider--element-align-start .elementor-divider .elementor-divider-separator>.elementor-divider__svg:first-of-type{flex-grow:0;flex-shrink:100}.elementor-widget-divider--element-align-start .elementor-divider-separator:before{content:none}.elementor-widget-divider--element-align-start .elementor-divider__element{margin-inline-start:0}.elementor-widget-divider--element-align-end .elementor-divider .elementor-divider-separator>.elementor-divider__svg:last-of-type{flex-grow:0;flex-shrink:100}.elementor-widget-divider--element-align-end .elementor-divider-separator:after{content:none}.elementor-widget-divider--element-align-end .elementor-divider__element{margin-inline-end:0}.elementor-widget-divider:not(.elementor-widget-divider--view-line_text):not(.elementor-widget-divider--view-line_icon) .elementor-divider-separator{border-block-start:var(--divider-border-width) var(--divider-border-style) var(--divider-color)}.elementor-widget-divider--separator-type-pattern{--divider-border-style:none}.elementor-widget-divider--separator-type-pattern.elementor-widget-divider--view-line .elementor-divider-separator,.elementor-widget-divider--separator-type-pattern:not(.elementor-widget-divider--view-line) .elementor-divider-separator:after,.elementor-widget-divider--separator-type-pattern:not(.elementor-widget-divider--view-line) .elementor-divider-separator:before,.elementor-widget-divider--separator-type-pattern:not([class*=elementor-widget-divider--view]) .elementor-divider-separator{width:100%;min-height:var(--divider-pattern-height);-webkit-mask-size:var(--divider-pattern-size) 100%;mask-size:var(--divider-pattern-size) 100%;-webkit-mask-repeat:var(--divider-pattern-repeat);mask-repeat:var(--divider-pattern-repeat);background-color:var(--divider-color);-webkit-mask-image:var(--divider-pattern-url);mask-image:var(--divider-pattern-url)}.elementor-widget-divider--no-spacing{--divider-pattern-size:auto}.elementor-widget-divider--bg-round{--divider-pattern-repeat:round}.rtl .elementor-widget-divider .elementor-divider__text{direction:rtl}.e-con-inner>.elementor-widget-divider,.e-con>.elementor-widget-divider{width:var(--container-widget-width,100%);--flex-grow:var(--container-widget-flex-grow)}<\/style>\t\t<div class=\"elementor-divider\">\n\t\t\t<span class=\"elementor-divider-separator\">\n\t\t\t\t\t\t<\/span>\n\t\t<\/div>\n\t\t\t\t<\/div>\n\t\t\t\t<\/div>\n\t\t\t\t<div class=\"elementor-element elementor-element-45ebe88 elementor-widget__width-initial elementor-widget elementor-widget-heading\" data-id=\"45ebe88\" data-element_type=\"widget\" data-widget_type=\"heading.default\">\n\t\t\t\t<div class=\"elementor-widget-container\">\n\t\t\t<span class=\"elementor-heading-title elementor-size-default\">Pour cr\u00e9er la diff\u00e9rence et optimiser vos budgets, High Tech Vision vous aidera a transformez vos espaces dans les salles des conf\u00e9rences d\u2019h\u00f4tels, salles de conf\u00e9rences et lieu d\u2019\u00e9v\u00e8nement en un plateau de t\u00e9l\u00e9vision \u00e0 part enti\u00e8re ! gr\u00e2ce \u00e0 notre concept novateur : NEWTEK Virtual Studios mobile (\u00c9cran verre d\u2019incruste, \u00c9clairage LED et R\u00e9gie Multi cam\u00e9ras PTZ robotis\u00e9)\n<\/span>\t\t<\/div>\n\t\t\t\t<\/div>\n\t\t\t\t\t<\/div>\n\t\t<\/div>\n\t\t\t\t\t<\/div>\n\t\t<\/section>\n\t\t<div class=\"elementor-element elementor-element-f5c3c5e e-flex e-con-boxed wpr-particle-no wpr-sticky-section-no e-con e-parent\" data-id=\"f5c3c5e\" data-element_type=\"container\" data-core-v316-plus=\"true\">\n\t\t\t\t\t<div class=\"e-con-inner\">\n\t\t\t\t<div class=\"elementor-element elementor-element-4d0502e wpr-stt-btn-align-fixed wpr-stt-btn-align-fixed-right elementor-widget elementor-widget-wpr-back-to-top\" data-id=\"4d0502e\" data-element_type=\"widget\" data-widget_type=\"wpr-back-to-top.default\">\n\t\t\t\t<div class=\"elementor-widget-container\">\n\t\t\t<div class=\"wpr-stt-wrapper\"><div class='wpr-stt-btn' data-settings='{\"animation\":\"fade\",\"animationOffset\":0,\"animationDuration\":200,\"fixed\":\"fixed\",\"scrolAnim\":800}'><span class=\"wpr-stt-icon\"><svg class=\"e-font-icon-svg e-fas-chevron-up\" viewBox=\"0 0 448 512\" xmlns=\"http:\/\/www.w3.org\/2000\/svg\"><path d=\"M240.971 130.524l194.343 194.343c9.373 9.373 9.373 24.569 0 33.941l-22.667 22.667c-9.357 9.357-24.522 9.375-33.901.04L224 227.495 69.255 381.516c-9.379 9.335-24.544 9.317-33.901-.04l-22.667-22.667c-9.373-9.373-9.373-24.569 0-33.941L207.03 130.525c9.372-9.373 24.568-9.373 33.941-.001z\"><\/path><\/svg><\/span><\/div><\/div>\t\t<\/div>\n\t\t\t\t<\/div>\n\t\t\t\t\t<\/div>\n\t\t\t\t<\/div>\n\t\t\t\t<\/div>\n\t\t","protected":false},"excerpt":{"rendered":"<p>Studios TV Pour cr\u00e9er la diff\u00e9rence et optimiser vos budgets, High Tech Vision vous aidera a transformez vos espaces dans les salles des conf\u00e9rences d\u2019h\u00f4tels, salles de conf\u00e9rences et lieu d\u2019\u00e9v\u00e8nement en un plateau de t\u00e9l\u00e9vision \u00e0 part enti\u00e8re ! gr\u00e2ce \u00e0 notre concept novateur : NEWTEK Virtual Studios mobile (\u00c9cran verre d\u2019incruste, \u00c9clairage LED [&hellip;]<\/p>\n","protected":false},"author":1,"featured_media":0,"parent":0,"menu_order":0,"comment_status":"closed","ping_status":"closed","template":"","meta":{"_eb_attr":"","site-sidebar-layout":"no-sidebar","site-content-layout":"page-builder","ast-site-content-layout":"full-width-container","site-content-style":"default","site-sidebar-style":"default","ast-global-header-display":"","ast-banner-title-visibility":"","ast-main-header-display":"","ast-hfb-above-header-display":"","ast-hfb-below-header-display":"","ast-hfb-mobile-header-display":"","site-post-title":"disabled","ast-breadcrumbs-content":"","ast-featured-img":"disabled","footer-sml-layout":"","theme-transparent-header-meta":"","adv-header-id-meta":"","stick-header-meta":"","header-above-stick-meta":"","header-main-stick-meta":"","header-below-stick-meta":"","astra-migrate-meta-layouts":"set","ast-page-background-enabled":"default","ast-page-background-meta":{"desktop":{"background-color":"var(--ast-global-color-4)","background-image":"","background-repeat":"repeat","background-position":"center center","background-size":"auto","background-attachment":"scroll","background-type":"","background-media":"","overlay-type":"","overlay-color":"","overlay-gradient":""},"tablet":{"background-color":"","background-image":"","background-repeat":"repeat","background-position":"center center","background-size":"auto","background-attachment":"scroll","background-type":"","background-media":"","overlay-type":"","overlay-color":"","overlay-gradient":""},"mobile":{"background-color":"","background-image":"","background-repeat":"repeat","background-position":"center center","background-size":"auto","background-attachment":"scroll","background-type":"","background-media":"","overlay-type":"","overlay-color":"","overlay-gradient":""}},"ast-content-background-meta":{"desktop":{"background-color":"var(--ast-global-color-5)","background-image":"","background-repeat":"repeat","background-position":"center center","background-size":"auto","background-attachment":"scroll","background-type":"","background-media":"","overlay-type":"","overlay-color":"","overlay-gradient":""},"tablet":{"background-color":"var(--ast-global-color-5)","background-image":"","background-repeat":"repeat","background-position":"center center","background-size":"auto","background-attachment":"scroll","background-type":"","background-media":"","overlay-type":"","overlay-color":"","overlay-gradient":""},"mobile":{"background-color":"var(--ast-global-color-5)","background-image":"","background-repeat":"repeat","background-position":"center center","background-size":"auto","background-attachment":"scroll","background-type":"","background-media":"","overlay-type":"","overlay-color":"","overlay-gradient":""}},"footnotes":""},"class_list":["post-1747","page","type-page","status-publish","hentry"],"yoast_head":"<!-- This site is optimized with the Yoast SEO plugin v22.3 - https:\/\/yoast.com\/wordpress\/plugins\/seo\/ -->\n<title>Studios TV | Technology ingredients for creativity !<\/title>\n<meta name=\"robots\" content=\"index, follow, max-snippet:-1, max-image-preview:large, max-video-preview:-1\" \/>\n<link rel=\"canonical\" href=\"https:\/\/hightechvision.ma\/index.php\/studios-tv\/\" \/>\n<meta property=\"og:locale\" content=\"fr_FR\" \/>\n<meta property=\"og:type\" content=\"article\" \/>\n<meta property=\"og:title\" content=\"Studios TV | Technology ingredients for creativity !\" \/>\n<meta property=\"og:description\" content=\"Studios TV Pour cr\u00e9er la diff\u00e9rence et optimiser vos budgets, High Tech Vision vous aidera a transformez vos espaces dans les salles des conf\u00e9rences d\u2019h\u00f4tels, salles de conf\u00e9rences et lieu d\u2019\u00e9v\u00e8nement en un plateau de t\u00e9l\u00e9vision \u00e0 part enti\u00e8re ! gr\u00e2ce \u00e0 notre concept novateur : NEWTEK Virtual Studios mobile (\u00c9cran verre d\u2019incruste, \u00c9clairage LED [&hellip;]\" \/>\n<meta property=\"og:url\" content=\"https:\/\/hightechvision.ma\/index.php\/studios-tv\/\" \/>\n<meta property=\"article:publisher\" content=\"https:\/\/web.facebook.com\/hightechvision.ma\/?_rdc=1&amp;_rdr\" \/>\n<meta property=\"article:modified_time\" content=\"2024-03-29T16:15:38+00:00\" \/>\n<meta property=\"og:image\" content=\"https:\/\/hightechvision.ma\/wp-content\/uploads\/elementor\/thumbs\/Design-sans-titre-74-qlxknunwx70e2jkq8hiy622fx3992kcaqlqr42guf4.png\" \/>\n<meta name=\"twitter:card\" content=\"summary_large_image\" \/>\n<meta name=\"twitter:label1\" content=\"Dur\u00e9e de lecture estim\u00e9e\" \/>\n\t<meta name=\"twitter:data1\" content=\"1 minute\" \/>\n<script type=\"application\/ld+json\" class=\"yoast-schema-graph\">{\"@context\":\"https:\/\/schema.org\",\"@graph\":[{\"@type\":\"WebPage\",\"@id\":\"https:\/\/hightechvision.ma\/index.php\/studios-tv\/\",\"url\":\"https:\/\/hightechvision.ma\/index.php\/studios-tv\/\",\"name\":\"Studios TV | Technology ingredients for creativity !\",\"isPartOf\":{\"@id\":\"https:\/\/hightechvision.ma\/#website\"},\"primaryImageOfPage\":{\"@id\":\"https:\/\/hightechvision.ma\/index.php\/studios-tv\/#primaryimage\"},\"image\":{\"@id\":\"https:\/\/hightechvision.ma\/index.php\/studios-tv\/#primaryimage\"},\"thumbnailUrl\":\"https:\/\/hightechvision.ma\/wp-content\/uploads\/elementor\/thumbs\/Design-sans-titre-74-qlxknunwx70e2jkq8hiy622fx3992kcaqlqr42guf4.png\",\"datePublished\":\"2023-11-22T13:15:42+00:00\",\"dateModified\":\"2024-03-29T16:15:38+00:00\",\"breadcrumb\":{\"@id\":\"https:\/\/hightechvision.ma\/index.php\/studios-tv\/#breadcrumb\"},\"inLanguage\":\"fr-FR\",\"potentialAction\":[{\"@type\":\"ReadAction\",\"target\":[\"https:\/\/hightechvision.ma\/index.php\/studios-tv\/\"]}]},{\"@type\":\"ImageObject\",\"inLanguage\":\"fr-FR\",\"@id\":\"https:\/\/hightechvision.ma\/index.php\/studios-tv\/#primaryimage\",\"url\":\"https:\/\/hightechvision.ma\/wp-content\/uploads\/elementor\/thumbs\/Design-sans-titre-74-qlxknunwx70e2jkq8hiy622fx3992kcaqlqr42guf4.png\",\"contentUrl\":\"https:\/\/hightechvision.ma\/wp-content\/uploads\/elementor\/thumbs\/Design-sans-titre-74-qlxknunwx70e2jkq8hiy622fx3992kcaqlqr42guf4.png\"},{\"@type\":\"BreadcrumbList\",\"@id\":\"https:\/\/hightechvision.ma\/index.php\/studios-tv\/#breadcrumb\",\"itemListElement\":[{\"@type\":\"ListItem\",\"position\":1,\"name\":\"Accueil\",\"item\":\"https:\/\/hightechvision.ma\/\"},{\"@type\":\"ListItem\",\"position\":2,\"name\":\"Studios TV\"}]},{\"@type\":\"WebSite\",\"@id\":\"https:\/\/hightechvision.ma\/#website\",\"url\":\"https:\/\/hightechvision.ma\/\",\"name\":\"hightechvision.ma\",\"description\":\"Technology ingredients for creativity !\",\"publisher\":{\"@id\":\"https:\/\/hightechvision.ma\/#organization\"},\"alternateName\":\"HTV\",\"potentialAction\":[{\"@type\":\"SearchAction\",\"target\":{\"@type\":\"EntryPoint\",\"urlTemplate\":\"https:\/\/hightechvision.ma\/?s={search_term_string}\"},\"query-input\":\"required name=search_term_string\"}],\"inLanguage\":\"fr-FR\"},{\"@type\":\"Organization\",\"@id\":\"https:\/\/hightechvision.ma\/#organization\",\"name\":\"hightechvision\",\"url\":\"https:\/\/hightechvision.ma\/\",\"logo\":{\"@type\":\"ImageObject\",\"inLanguage\":\"fr-FR\",\"@id\":\"https:\/\/hightechvision.ma\/#\/schema\/logo\/image\/\",\"url\":\"https:\/\/hightechvision.ma\/wp-content\/uploads\/2023\/11\/cropped-Logo-vf.png\",\"contentUrl\":\"https:\/\/hightechvision.ma\/wp-content\/uploads\/2023\/11\/cropped-Logo-vf.png\",\"width\":2361,\"height\":1348,\"caption\":\"hightechvision\"},\"image\":{\"@id\":\"https:\/\/hightechvision.ma\/#\/schema\/logo\/image\/\"},\"sameAs\":[\"https:\/\/web.facebook.com\/hightechvision.ma\/?_rdc=1&_rdr\"]}]}<\/script>\n<!-- \/ Yoast SEO plugin. -->","yoast_head_json":{"title":"Studios TV | Technology ingredients for creativity !","robots":{"index":"index","follow":"follow","max-snippet":"max-snippet:-1","max-image-preview":"max-image-preview:large","max-video-preview":"max-video-preview:-1"},"canonical":"https:\/\/hightechvision.ma\/index.php\/studios-tv\/","og_locale":"fr_FR","og_type":"article","og_title":"Studios TV | Technology ingredients for creativity !","og_description":"Studios TV Pour cr\u00e9er la diff\u00e9rence et optimiser vos budgets, High Tech Vision vous aidera a transformez vos espaces dans les salles des conf\u00e9rences d\u2019h\u00f4tels, salles de conf\u00e9rences et lieu d\u2019\u00e9v\u00e8nement en un plateau de t\u00e9l\u00e9vision \u00e0 part enti\u00e8re ! gr\u00e2ce \u00e0 notre concept novateur : NEWTEK Virtual Studios mobile (\u00c9cran verre d\u2019incruste, \u00c9clairage LED [&hellip;]","og_url":"https:\/\/hightechvision.ma\/index.php\/studios-tv\/","article_publisher":"https:\/\/web.facebook.com\/hightechvision.ma\/?_rdc=1&_rdr","article_modified_time":"2024-03-29T16:15:38+00:00","og_image":[{"url":"https:\/\/hightechvision.ma\/wp-content\/uploads\/elementor\/thumbs\/Design-sans-titre-74-qlxknunwx70e2jkq8hiy622fx3992kcaqlqr42guf4.png"}],"twitter_card":"summary_large_image","twitter_misc":{"Dur\u00e9e de lecture estim\u00e9e":"1 minute"},"schema":{"@context":"https:\/\/schema.org","@graph":[{"@type":"WebPage","@id":"https:\/\/hightechvision.ma\/index.php\/studios-tv\/","url":"https:\/\/hightechvision.ma\/index.php\/studios-tv\/","name":"Studios TV | Technology ingredients for creativity !","isPartOf":{"@id":"https:\/\/hightechvision.ma\/#website"},"primaryImageOfPage":{"@id":"https:\/\/hightechvision.ma\/index.php\/studios-tv\/#primaryimage"},"image":{"@id":"https:\/\/hightechvision.ma\/index.php\/studios-tv\/#primaryimage"},"thumbnailUrl":"https:\/\/hightechvision.ma\/wp-content\/uploads\/elementor\/thumbs\/Design-sans-titre-74-qlxknunwx70e2jkq8hiy622fx3992kcaqlqr42guf4.png","datePublished":"2023-11-22T13:15:42+00:00","dateModified":"2024-03-29T16:15:38+00:00","breadcrumb":{"@id":"https:\/\/hightechvision.ma\/index.php\/studios-tv\/#breadcrumb"},"inLanguage":"fr-FR","potentialAction":[{"@type":"ReadAction","target":["https:\/\/hightechvision.ma\/index.php\/studios-tv\/"]}]},{"@type":"ImageObject","inLanguage":"fr-FR","@id":"https:\/\/hightechvision.ma\/index.php\/studios-tv\/#primaryimage","url":"https:\/\/hightechvision.ma\/wp-content\/uploads\/elementor\/thumbs\/Design-sans-titre-74-qlxknunwx70e2jkq8hiy622fx3992kcaqlqr42guf4.png","contentUrl":"https:\/\/hightechvision.ma\/wp-content\/uploads\/elementor\/thumbs\/Design-sans-titre-74-qlxknunwx70e2jkq8hiy622fx3992kcaqlqr42guf4.png"},{"@type":"BreadcrumbList","@id":"https:\/\/hightechvision.ma\/index.php\/studios-tv\/#breadcrumb","itemListElement":[{"@type":"ListItem","position":1,"name":"Accueil","item":"https:\/\/hightechvision.ma\/"},{"@type":"ListItem","position":2,"name":"Studios TV"}]},{"@type":"WebSite","@id":"https:\/\/hightechvision.ma\/#website","url":"https:\/\/hightechvision.ma\/","name":"hightechvision.ma","description":"Technology ingredients for creativity !","publisher":{"@id":"https:\/\/hightechvision.ma\/#organization"},"alternateName":"HTV","potentialAction":[{"@type":"SearchAction","target":{"@type":"EntryPoint","urlTemplate":"https:\/\/hightechvision.ma\/?s={search_term_string}"},"query-input":"required name=search_term_string"}],"inLanguage":"fr-FR"},{"@type":"Organization","@id":"https:\/\/hightechvision.ma\/#organization","name":"hightechvision","url":"https:\/\/hightechvision.ma\/","logo":{"@type":"ImageObject","inLanguage":"fr-FR","@id":"https:\/\/hightechvision.ma\/#\/schema\/logo\/image\/","url":"https:\/\/hightechvision.ma\/wp-content\/uploads\/2023\/11\/cropped-Logo-vf.png","contentUrl":"https:\/\/hightechvision.ma\/wp-content\/uploads\/2023\/11\/cropped-Logo-vf.png","width":2361,"height":1348,"caption":"hightechvision"},"image":{"@id":"https:\/\/hightechvision.ma\/#\/schema\/logo\/image\/"},"sameAs":["https:\/\/web.facebook.com\/hightechvision.ma\/?_rdc=1&_rdr"]}]}},"_links":{"self":[{"href":"https:\/\/hightechvision.ma\/index.php\/wp-json\/wp\/v2\/pages\/1747","targetHints":{"allow":["GET"]}}],"collection":[{"href":"https:\/\/hightechvision.ma\/index.php\/wp-json\/wp\/v2\/pages"}],"about":[{"href":"https:\/\/hightechvision.ma\/index.php\/wp-json\/wp\/v2\/types\/page"}],"author":[{"embeddable":true,"href":"https:\/\/hightechvision.ma\/index.php\/wp-json\/wp\/v2\/users\/1"}],"replies":[{"embeddable":true,"href":"https:\/\/hightechvision.ma\/index.php\/wp-json\/wp\/v2\/comments?post=1747"}],"version-history":[{"count":40,"href":"https:\/\/hightechvision.ma\/index.php\/wp-json\/wp\/v2\/pages\/1747\/revisions"}],"predecessor-version":[{"id":4761,"href":"https:\/\/hightechvision.ma\/index.php\/wp-json\/wp\/v2\/pages\/1747\/revisions\/4761"}],"wp:attachment":[{"href":"https:\/\/hightechvision.ma\/index.php\/wp-json\/wp\/v2\/media?parent=1747"}],"curies":[{"name":"wp","href":"https:\/\/api.w.org\/{rel}","templated":true}]}}