{"id":1752,"date":"2023-11-22T13:16:46","date_gmt":"2023-11-22T13:16:46","guid":{"rendered":"https:\/\/hightechvision.ma\/?page_id=1752"},"modified":"2024-03-29T16:17:12","modified_gmt":"2024-03-29T16:17:12","slug":"evenements-virtuels-hybrides","status":"publish","type":"page","link":"https:\/\/hightechvision.ma\/index.php\/evenements-virtuels-hybrides\/","title":{"rendered":"\u00c9v\u00e9nements virtuels &amp; hybrides"},"content":{"rendered":"\t\t<div data-elementor-type=\"wp-page\" data-elementor-id=\"1752\" class=\"elementor elementor-1752\">\n\t\t\t\t\t\t<section class=\"elementor-section elementor-top-section elementor-element elementor-element-mjnu6qz elementor-section-full_width elementor-section-height-default elementor-section-height-default wpr-particle-no wpr-sticky-section-no\" data-id=\"mjnu6qz\" data-element_type=\"section\" data-settings=\"{&quot;background_background&quot;:&quot;classic&quot;}\">\n\t\t\t\t\t\t<div class=\"elementor-container elementor-column-gap-no\">\n\t\t\t\t\t<div class=\"elementor-column elementor-col-100 elementor-top-column elementor-element elementor-element-0814f73\" data-id=\"0814f73\" data-element_type=\"column\">\n\t\t\t<div class=\"elementor-widget-wrap elementor-element-populated\">\n\t\t\t\t\t\t<div class=\"elementor-element elementor-element-18ea619 elementor-widget elementor-widget-image\" data-id=\"18ea619\" data-element_type=\"widget\" data-widget_type=\"image.default\">\n\t\t\t\t<div class=\"elementor-widget-container\">\n\t\t\t<style>\/*! elementor - v3.20.0 - 26-03-2024 *\/\n.elementor-widget-image{text-align:center}.elementor-widget-image a{display:inline-block}.elementor-widget-image a img[src$=\".svg\"]{width:48px}.elementor-widget-image img{vertical-align:middle;display:inline-block}<\/style>\t\t\t\t\t\t\t\t\t\t<img decoding=\"async\" src=\"https:\/\/hightechvision.ma\/wp-content\/uploads\/elementor\/thumbs\/PHOTO-2024-01-10-08-29-31-qlxk25k15vb42l3bxlvz416e9w78e37cr7m9uz39u0.jpg\" title=\"PHOTO-2024-01-10-08-29-31\" alt=\"PHOTO-2024-01-10-08-29-31\" loading=\"lazy\" \/>\t\t\t\t\t\t\t\t\t\t\t\t\t<\/div>\n\t\t\t\t<\/div>\n\t\t\t\t\t<\/div>\n\t\t<\/div>\n\t\t\t\t\t<\/div>\n\t\t<\/section>\n\t\t<div class=\"elementor-element elementor-element-cc4d8dc e-flex e-con-boxed wpr-particle-no wpr-sticky-section-no e-con e-parent\" data-id=\"cc4d8dc\" data-element_type=\"container\" data-core-v316-plus=\"true\">\n\t\t\t\t\t<div class=\"e-con-inner\">\n\t\t\t\t<div class=\"elementor-element elementor-element-8fa4f16 elementor-widget elementor-widget-spacer\" data-id=\"8fa4f16\" data-element_type=\"widget\" data-widget_type=\"spacer.default\">\n\t\t\t\t<div class=\"elementor-widget-container\">\n\t\t\t<style>\/*! elementor - v3.20.0 - 26-03-2024 *\/\n.elementor-column .elementor-spacer-inner{height:var(--spacer-size)}.e-con{--container-widget-width:100%}.e-con-inner>.elementor-widget-spacer,.e-con>.elementor-widget-spacer{width:var(--container-widget-width,var(--spacer-size));--align-self:var(--container-widget-align-self,initial);--flex-shrink:0}.e-con-inner>.elementor-widget-spacer>.elementor-widget-container,.e-con>.elementor-widget-spacer>.elementor-widget-container{height:100%;width:100%}.e-con-inner>.elementor-widget-spacer>.elementor-widget-container>.elementor-spacer,.e-con>.elementor-widget-spacer>.elementor-widget-container>.elementor-spacer{height:100%}.e-con-inner>.elementor-widget-spacer>.elementor-widget-container>.elementor-spacer>.elementor-spacer-inner,.e-con>.elementor-widget-spacer>.elementor-widget-container>.elementor-spacer>.elementor-spacer-inner{height:var(--container-widget-height,var(--spacer-size))}.e-con-inner>.elementor-widget-spacer.elementor-widget-empty,.e-con>.elementor-widget-spacer.elementor-widget-empty{position:relative;min-height:22px;min-width:22px}.e-con-inner>.elementor-widget-spacer.elementor-widget-empty .elementor-widget-empty-icon,.e-con>.elementor-widget-spacer.elementor-widget-empty .elementor-widget-empty-icon{position:absolute;top:0;bottom:0;left:0;right:0;margin:auto;padding:0;width:22px;height:22px}<\/style>\t\t<div class=\"elementor-spacer\">\n\t\t\t<div class=\"elementor-spacer-inner\"><\/div>\n\t\t<\/div>\n\t\t\t\t<\/div>\n\t\t\t\t<\/div>\n\t\t\t\t<div class=\"elementor-element elementor-element-daa9d21 elementor-widget elementor-widget-heading\" data-id=\"daa9d21\" data-element_type=\"widget\" data-widget_type=\"heading.default\">\n\t\t\t\t<div class=\"elementor-widget-container\">\n\t\t\t<style>\/*! elementor - v3.20.0 - 26-03-2024 *\/\n.elementor-heading-title{padding:0;margin:0;line-height:1}.elementor-widget-heading .elementor-heading-title[class*=elementor-size-]>a{color:inherit;font-size:inherit;line-height:inherit}.elementor-widget-heading .elementor-heading-title.elementor-size-small{font-size:15px}.elementor-widget-heading .elementor-heading-title.elementor-size-medium{font-size:19px}.elementor-widget-heading .elementor-heading-title.elementor-size-large{font-size:29px}.elementor-widget-heading .elementor-heading-title.elementor-size-xl{font-size:39px}.elementor-widget-heading .elementor-heading-title.elementor-size-xxl{font-size:59px}<\/style><h2 class=\"elementor-heading-title elementor-size-default\">\u00c9v\u00e9nements virtuels & hybrides<\/h2>\t\t<\/div>\n\t\t\t\t<\/div>\n\t\t\t\t\t<\/div>\n\t\t\t\t<\/div>\n\t\t\t\t<section class=\"elementor-section elementor-top-section elementor-element elementor-element-cf4c0fb elementor-section-boxed elementor-section-height-default elementor-section-height-default wpr-particle-no wpr-sticky-section-no\" data-id=\"cf4c0fb\" data-element_type=\"section\">\n\t\t\t\t\t\t<div class=\"elementor-container elementor-column-gap-default\">\n\t\t\t\t\t<div class=\"elementor-column elementor-col-100 elementor-top-column elementor-element elementor-element-b357218\" data-id=\"b357218\" data-element_type=\"column\">\n\t\t\t<div class=\"elementor-widget-wrap elementor-element-populated\">\n\t\t\t\t\t\t<div class=\"elementor-element elementor-element-23e1382 elementor-widget-divider--view-line elementor-widget elementor-widget-divider\" data-id=\"23e1382\" data-element_type=\"widget\" data-widget_type=\"divider.default\">\n\t\t\t\t<div class=\"elementor-widget-container\">\n\t\t\t<style>\/*! elementor - v3.20.0 - 26-03-2024 *\/\n.elementor-widget-divider{--divider-border-style:none;--divider-border-width:1px;--divider-color:#0c0d0e;--divider-icon-size:20px;--divider-element-spacing:10px;--divider-pattern-height:24px;--divider-pattern-size:20px;--divider-pattern-url:none;--divider-pattern-repeat:repeat-x}.elementor-widget-divider .elementor-divider{display:flex}.elementor-widget-divider .elementor-divider__text{font-size:15px;line-height:1;max-width:95%}.elementor-widget-divider .elementor-divider__element{margin:0 var(--divider-element-spacing);flex-shrink:0}.elementor-widget-divider .elementor-icon{font-size:var(--divider-icon-size)}.elementor-widget-divider .elementor-divider-separator{display:flex;margin:0;direction:ltr}.elementor-widget-divider--view-line_icon .elementor-divider-separator,.elementor-widget-divider--view-line_text .elementor-divider-separator{align-items:center}.elementor-widget-divider--view-line_icon .elementor-divider-separator:after,.elementor-widget-divider--view-line_icon .elementor-divider-separator:before,.elementor-widget-divider--view-line_text .elementor-divider-separator:after,.elementor-widget-divider--view-line_text .elementor-divider-separator:before{display:block;content:\"\";border-block-end:0;flex-grow:1;border-block-start:var(--divider-border-width) var(--divider-border-style) var(--divider-color)}.elementor-widget-divider--element-align-left .elementor-divider .elementor-divider-separator>.elementor-divider__svg:first-of-type{flex-grow:0;flex-shrink:100}.elementor-widget-divider--element-align-left .elementor-divider-separator:before{content:none}.elementor-widget-divider--element-align-left .elementor-divider__element{margin-left:0}.elementor-widget-divider--element-align-right .elementor-divider .elementor-divider-separator>.elementor-divider__svg:last-of-type{flex-grow:0;flex-shrink:100}.elementor-widget-divider--element-align-right .elementor-divider-separator:after{content:none}.elementor-widget-divider--element-align-right .elementor-divider__element{margin-right:0}.elementor-widget-divider--element-align-start .elementor-divider .elementor-divider-separator>.elementor-divider__svg:first-of-type{flex-grow:0;flex-shrink:100}.elementor-widget-divider--element-align-start .elementor-divider-separator:before{content:none}.elementor-widget-divider--element-align-start .elementor-divider__element{margin-inline-start:0}.elementor-widget-divider--element-align-end .elementor-divider .elementor-divider-separator>.elementor-divider__svg:last-of-type{flex-grow:0;flex-shrink:100}.elementor-widget-divider--element-align-end .elementor-divider-separator:after{content:none}.elementor-widget-divider--element-align-end .elementor-divider__element{margin-inline-end:0}.elementor-widget-divider:not(.elementor-widget-divider--view-line_text):not(.elementor-widget-divider--view-line_icon) .elementor-divider-separator{border-block-start:var(--divider-border-width) var(--divider-border-style) var(--divider-color)}.elementor-widget-divider--separator-type-pattern{--divider-border-style:none}.elementor-widget-divider--separator-type-pattern.elementor-widget-divider--view-line .elementor-divider-separator,.elementor-widget-divider--separator-type-pattern:not(.elementor-widget-divider--view-line) .elementor-divider-separator:after,.elementor-widget-divider--separator-type-pattern:not(.elementor-widget-divider--view-line) .elementor-divider-separator:before,.elementor-widget-divider--separator-type-pattern:not([class*=elementor-widget-divider--view]) .elementor-divider-separator{width:100%;min-height:var(--divider-pattern-height);-webkit-mask-size:var(--divider-pattern-size) 100%;mask-size:var(--divider-pattern-size) 100%;-webkit-mask-repeat:var(--divider-pattern-repeat);mask-repeat:var(--divider-pattern-repeat);background-color:var(--divider-color);-webkit-mask-image:var(--divider-pattern-url);mask-image:var(--divider-pattern-url)}.elementor-widget-divider--no-spacing{--divider-pattern-size:auto}.elementor-widget-divider--bg-round{--divider-pattern-repeat:round}.rtl .elementor-widget-divider .elementor-divider__text{direction:rtl}.e-con-inner>.elementor-widget-divider,.e-con>.elementor-widget-divider{width:var(--container-widget-width,100%);--flex-grow:var(--container-widget-flex-grow)}<\/style>\t\t<div class=\"elementor-divider\">\n\t\t\t<span class=\"elementor-divider-separator\">\n\t\t\t\t\t\t<\/span>\n\t\t<\/div>\n\t\t\t\t<\/div>\n\t\t\t\t<\/div>\n\t\t\t\t<div class=\"elementor-element elementor-element-d66f743 elementor-widget__width-initial elementor-widget elementor-widget-heading\" data-id=\"d66f743\" data-element_type=\"widget\" data-widget_type=\"heading.default\">\n\t\t\t\t<div class=\"elementor-widget-container\">\n\t\t\t<p class=\"elementor-heading-title elementor-size-default\">Explorez nos services d'organisation et gestion d'\u00c9v\u00e9nements virtuels & hybrides, combinant habilement les formats physiques et virtuels vous permettant d\u2019adopter les derni\u00e8res tendances\ntechnologiques pour rapprocher vos participent et r\u00e9aliser des \u00e9v\u00e9nements en ligne m\u00e9morables.\n\n<\/p>\t\t<\/div>\n\t\t\t\t<\/div>\n\t\t\t\t\t<\/div>\n\t\t<\/div>\n\t\t\t\t\t<\/div>\n\t\t<\/section>\n\t\t<div class=\"elementor-element elementor-element-e4a948c e-flex e-con-boxed wpr-particle-no wpr-sticky-section-no e-con e-parent\" data-id=\"e4a948c\" data-element_type=\"container\" data-core-v316-plus=\"true\">\n\t\t\t\t\t<div class=\"e-con-inner\">\n\t\t\t\t<div class=\"elementor-element elementor-element-05532dd wpr-stt-btn-align-fixed wpr-stt-btn-align-fixed-right elementor-widget elementor-widget-wpr-back-to-top\" data-id=\"05532dd\" data-element_type=\"widget\" data-widget_type=\"wpr-back-to-top.default\">\n\t\t\t\t<div class=\"elementor-widget-container\">\n\t\t\t<div class=\"wpr-stt-wrapper\"><div class='wpr-stt-btn' data-settings='{\"animation\":\"fade\",\"animationOffset\":0,\"animationDuration\":200,\"fixed\":\"fixed\",\"scrolAnim\":800}'><span class=\"wpr-stt-icon\"><svg class=\"e-font-icon-svg e-fas-chevron-up\" viewBox=\"0 0 448 512\" xmlns=\"http:\/\/www.w3.org\/2000\/svg\"><path d=\"M240.971 130.524l194.343 194.343c9.373 9.373 9.373 24.569 0 33.941l-22.667 22.667c-9.357 9.357-24.522 9.375-33.901.04L224 227.495 69.255 381.516c-9.379 9.335-24.544 9.317-33.901-.04l-22.667-22.667c-9.373-9.373-9.373-24.569 0-33.941L207.03 130.525c9.372-9.373 24.568-9.373 33.941-.001z\"><\/path><\/svg><\/span><\/div><\/div>\t\t<\/div>\n\t\t\t\t<\/div>\n\t\t\t\t\t<\/div>\n\t\t\t\t<\/div>\n\t\t\t\t<\/div>\n\t\t","protected":false},"excerpt":{"rendered":"<p>\u00c9v\u00e9nements virtuels &#038; hybrides Explorez nos services d&rsquo;organisation et gestion d&rsquo;\u00c9v\u00e9nements virtuels &#038; hybrides, combinant habilement les formats physiques et virtuels vous permettant d\u2019adopter les derni\u00e8res tendances technologiques pour rapprocher vos participent et r\u00e9aliser des \u00e9v\u00e9nements en ligne m\u00e9morables.<\/p>\n","protected":false},"author":1,"featured_media":0,"parent":0,"menu_order":0,"comment_status":"closed","ping_status":"closed","template":"","meta":{"_eb_attr":"","site-sidebar-layout":"no-sidebar","site-content-layout":"page-builder","ast-site-content-layout":"full-width-container","site-content-style":"default","site-sidebar-style":"default","ast-global-header-display":"","ast-banner-title-visibility":"","ast-main-header-display":"","ast-hfb-above-header-display":"","ast-hfb-below-header-display":"","ast-hfb-mobile-header-display":"","site-post-title":"disabled","ast-breadcrumbs-content":"","ast-featured-img":"disabled","footer-sml-layout":"","theme-transparent-header-meta":"","adv-header-id-meta":"","stick-header-meta":"","header-above-stick-meta":"","header-main-stick-meta":"","header-below-stick-meta":"","astra-migrate-meta-layouts":"set","ast-page-background-enabled":"default","ast-page-background-meta":{"desktop":{"background-color":"var(--ast-global-color-4)","background-image":"","background-repeat":"repeat","background-position":"center center","background-size":"auto","background-attachment":"scroll","background-type":"","background-media":"","overlay-type":"","overlay-color":"","overlay-gradient":""},"tablet":{"background-color":"","background-image":"","background-repeat":"repeat","background-position":"center center","background-size":"auto","background-attachment":"scroll","background-type":"","background-media":"","overlay-type":"","overlay-color":"","overlay-gradient":""},"mobile":{"background-color":"","background-image":"","background-repeat":"repeat","background-position":"center center","background-size":"auto","background-attachment":"scroll","background-type":"","background-media":"","overlay-type":"","overlay-color":"","overlay-gradient":""}},"ast-content-background-meta":{"desktop":{"background-color":"var(--ast-global-color-5)","background-image":"","background-repeat":"repeat","background-position":"center center","background-size":"auto","background-attachment":"scroll","background-type":"","background-media":"","overlay-type":"","overlay-color":"","overlay-gradient":""},"tablet":{"background-color":"var(--ast-global-color-5)","background-image":"","background-repeat":"repeat","background-position":"center center","background-size":"auto","background-attachment":"scroll","background-type":"","background-media":"","overlay-type":"","overlay-color":"","overlay-gradient":""},"mobile":{"background-color":"var(--ast-global-color-5)","background-image":"","background-repeat":"repeat","background-position":"center center","background-size":"auto","background-attachment":"scroll","background-type":"","background-media":"","overlay-type":"","overlay-color":"","overlay-gradient":""}},"footnotes":""},"class_list":["post-1752","page","type-page","status-publish","hentry"],"yoast_head":"<!-- This site is optimized with the Yoast SEO plugin v22.3 - https:\/\/yoast.com\/wordpress\/plugins\/seo\/ -->\n<title>\u00c9v\u00e9nements virtuels &amp; hybrides | Technology ingredients for creativity !<\/title>\n<meta name=\"robots\" content=\"index, follow, max-snippet:-1, max-image-preview:large, max-video-preview:-1\" \/>\n<link rel=\"canonical\" href=\"https:\/\/hightechvision.ma\/index.php\/evenements-virtuels-hybrides\/\" \/>\n<meta property=\"og:locale\" content=\"fr_FR\" \/>\n<meta property=\"og:type\" content=\"article\" \/>\n<meta property=\"og:title\" content=\"\u00c9v\u00e9nements virtuels &amp; hybrides | Technology ingredients for creativity !\" \/>\n<meta property=\"og:description\" content=\"\u00c9v\u00e9nements virtuels &#038; hybrides Explorez nos services d&rsquo;organisation et gestion d&rsquo;\u00c9v\u00e9nements virtuels &#038; hybrides, combinant habilement les formats physiques et virtuels vous permettant d\u2019adopter les derni\u00e8res tendances technologiques pour rapprocher vos participent et r\u00e9aliser des \u00e9v\u00e9nements en ligne m\u00e9morables.\" \/>\n<meta property=\"og:url\" content=\"https:\/\/hightechvision.ma\/index.php\/evenements-virtuels-hybrides\/\" \/>\n<meta property=\"article:publisher\" content=\"https:\/\/web.facebook.com\/hightechvision.ma\/?_rdc=1&amp;_rdr\" \/>\n<meta property=\"article:modified_time\" content=\"2024-03-29T16:17:12+00:00\" \/>\n<meta property=\"og:image\" content=\"https:\/\/hightechvision.ma\/wp-content\/uploads\/elementor\/thumbs\/PHOTO-2024-01-10-08-29-31-qlxk25k15vb42l3bxlvz416e9w78e37cr7m9uz39u0.jpg\" \/>\n<meta name=\"twitter:card\" content=\"summary_large_image\" \/>\n<meta name=\"twitter:label1\" content=\"Dur\u00e9e de lecture estim\u00e9e\" \/>\n\t<meta name=\"twitter:data1\" content=\"1 minute\" \/>\n<script type=\"application\/ld+json\" class=\"yoast-schema-graph\">{\"@context\":\"https:\/\/schema.org\",\"@graph\":[{\"@type\":\"WebPage\",\"@id\":\"https:\/\/hightechvision.ma\/index.php\/evenements-virtuels-hybrides\/\",\"url\":\"https:\/\/hightechvision.ma\/index.php\/evenements-virtuels-hybrides\/\",\"name\":\"\u00c9v\u00e9nements virtuels &amp; hybrides | Technology ingredients for creativity !\",\"isPartOf\":{\"@id\":\"https:\/\/hightechvision.ma\/#website\"},\"primaryImageOfPage\":{\"@id\":\"https:\/\/hightechvision.ma\/index.php\/evenements-virtuels-hybrides\/#primaryimage\"},\"image\":{\"@id\":\"https:\/\/hightechvision.ma\/index.php\/evenements-virtuels-hybrides\/#primaryimage\"},\"thumbnailUrl\":\"https:\/\/hightechvision.ma\/wp-content\/uploads\/elementor\/thumbs\/PHOTO-2024-01-10-08-29-31-qlxk25k15vb42l3bxlvz416e9w78e37cr7m9uz39u0.jpg\",\"datePublished\":\"2023-11-22T13:16:46+00:00\",\"dateModified\":\"2024-03-29T16:17:12+00:00\",\"breadcrumb\":{\"@id\":\"https:\/\/hightechvision.ma\/index.php\/evenements-virtuels-hybrides\/#breadcrumb\"},\"inLanguage\":\"fr-FR\",\"potentialAction\":[{\"@type\":\"ReadAction\",\"target\":[\"https:\/\/hightechvision.ma\/index.php\/evenements-virtuels-hybrides\/\"]}]},{\"@type\":\"ImageObject\",\"inLanguage\":\"fr-FR\",\"@id\":\"https:\/\/hightechvision.ma\/index.php\/evenements-virtuels-hybrides\/#primaryimage\",\"url\":\"https:\/\/hightechvision.ma\/wp-content\/uploads\/elementor\/thumbs\/PHOTO-2024-01-10-08-29-31-qlxk25k15vb42l3bxlvz416e9w78e37cr7m9uz39u0.jpg\",\"contentUrl\":\"https:\/\/hightechvision.ma\/wp-content\/uploads\/elementor\/thumbs\/PHOTO-2024-01-10-08-29-31-qlxk25k15vb42l3bxlvz416e9w78e37cr7m9uz39u0.jpg\"},{\"@type\":\"BreadcrumbList\",\"@id\":\"https:\/\/hightechvision.ma\/index.php\/evenements-virtuels-hybrides\/#breadcrumb\",\"itemListElement\":[{\"@type\":\"ListItem\",\"position\":1,\"name\":\"Accueil\",\"item\":\"https:\/\/hightechvision.ma\/\"},{\"@type\":\"ListItem\",\"position\":2,\"name\":\"\u00c9v\u00e9nements virtuels &amp; hybrides\"}]},{\"@type\":\"WebSite\",\"@id\":\"https:\/\/hightechvision.ma\/#website\",\"url\":\"https:\/\/hightechvision.ma\/\",\"name\":\"hightechvision.ma\",\"description\":\"Technology ingredients for creativity !\",\"publisher\":{\"@id\":\"https:\/\/hightechvision.ma\/#organization\"},\"alternateName\":\"HTV\",\"potentialAction\":[{\"@type\":\"SearchAction\",\"target\":{\"@type\":\"EntryPoint\",\"urlTemplate\":\"https:\/\/hightechvision.ma\/?s={search_term_string}\"},\"query-input\":\"required name=search_term_string\"}],\"inLanguage\":\"fr-FR\"},{\"@type\":\"Organization\",\"@id\":\"https:\/\/hightechvision.ma\/#organization\",\"name\":\"hightechvision\",\"url\":\"https:\/\/hightechvision.ma\/\",\"logo\":{\"@type\":\"ImageObject\",\"inLanguage\":\"fr-FR\",\"@id\":\"https:\/\/hightechvision.ma\/#\/schema\/logo\/image\/\",\"url\":\"https:\/\/hightechvision.ma\/wp-content\/uploads\/2023\/11\/cropped-Logo-vf.png\",\"contentUrl\":\"https:\/\/hightechvision.ma\/wp-content\/uploads\/2023\/11\/cropped-Logo-vf.png\",\"width\":2361,\"height\":1348,\"caption\":\"hightechvision\"},\"image\":{\"@id\":\"https:\/\/hightechvision.ma\/#\/schema\/logo\/image\/\"},\"sameAs\":[\"https:\/\/web.facebook.com\/hightechvision.ma\/?_rdc=1&_rdr\"]}]}<\/script>\n<!-- \/ Yoast SEO plugin. -->","yoast_head_json":{"title":"\u00c9v\u00e9nements virtuels &amp; hybrides | Technology ingredients for creativity !","robots":{"index":"index","follow":"follow","max-snippet":"max-snippet:-1","max-image-preview":"max-image-preview:large","max-video-preview":"max-video-preview:-1"},"canonical":"https:\/\/hightechvision.ma\/index.php\/evenements-virtuels-hybrides\/","og_locale":"fr_FR","og_type":"article","og_title":"\u00c9v\u00e9nements virtuels &amp; hybrides | Technology ingredients for creativity !","og_description":"\u00c9v\u00e9nements virtuels &#038; hybrides Explorez nos services d&rsquo;organisation et gestion d&rsquo;\u00c9v\u00e9nements virtuels &#038; hybrides, combinant habilement les formats physiques et virtuels vous permettant d\u2019adopter les derni\u00e8res tendances technologiques pour rapprocher vos participent et r\u00e9aliser des \u00e9v\u00e9nements en ligne m\u00e9morables.","og_url":"https:\/\/hightechvision.ma\/index.php\/evenements-virtuels-hybrides\/","article_publisher":"https:\/\/web.facebook.com\/hightechvision.ma\/?_rdc=1&_rdr","article_modified_time":"2024-03-29T16:17:12+00:00","og_image":[{"url":"https:\/\/hightechvision.ma\/wp-content\/uploads\/elementor\/thumbs\/PHOTO-2024-01-10-08-29-31-qlxk25k15vb42l3bxlvz416e9w78e37cr7m9uz39u0.jpg"}],"twitter_card":"summary_large_image","twitter_misc":{"Dur\u00e9e de lecture estim\u00e9e":"1 minute"},"schema":{"@context":"https:\/\/schema.org","@graph":[{"@type":"WebPage","@id":"https:\/\/hightechvision.ma\/index.php\/evenements-virtuels-hybrides\/","url":"https:\/\/hightechvision.ma\/index.php\/evenements-virtuels-hybrides\/","name":"\u00c9v\u00e9nements virtuels &amp; hybrides | Technology ingredients for creativity !","isPartOf":{"@id":"https:\/\/hightechvision.ma\/#website"},"primaryImageOfPage":{"@id":"https:\/\/hightechvision.ma\/index.php\/evenements-virtuels-hybrides\/#primaryimage"},"image":{"@id":"https:\/\/hightechvision.ma\/index.php\/evenements-virtuels-hybrides\/#primaryimage"},"thumbnailUrl":"https:\/\/hightechvision.ma\/wp-content\/uploads\/elementor\/thumbs\/PHOTO-2024-01-10-08-29-31-qlxk25k15vb42l3bxlvz416e9w78e37cr7m9uz39u0.jpg","datePublished":"2023-11-22T13:16:46+00:00","dateModified":"2024-03-29T16:17:12+00:00","breadcrumb":{"@id":"https:\/\/hightechvision.ma\/index.php\/evenements-virtuels-hybrides\/#breadcrumb"},"inLanguage":"fr-FR","potentialAction":[{"@type":"ReadAction","target":["https:\/\/hightechvision.ma\/index.php\/evenements-virtuels-hybrides\/"]}]},{"@type":"ImageObject","inLanguage":"fr-FR","@id":"https:\/\/hightechvision.ma\/index.php\/evenements-virtuels-hybrides\/#primaryimage","url":"https:\/\/hightechvision.ma\/wp-content\/uploads\/elementor\/thumbs\/PHOTO-2024-01-10-08-29-31-qlxk25k15vb42l3bxlvz416e9w78e37cr7m9uz39u0.jpg","contentUrl":"https:\/\/hightechvision.ma\/wp-content\/uploads\/elementor\/thumbs\/PHOTO-2024-01-10-08-29-31-qlxk25k15vb42l3bxlvz416e9w78e37cr7m9uz39u0.jpg"},{"@type":"BreadcrumbList","@id":"https:\/\/hightechvision.ma\/index.php\/evenements-virtuels-hybrides\/#breadcrumb","itemListElement":[{"@type":"ListItem","position":1,"name":"Accueil","item":"https:\/\/hightechvision.ma\/"},{"@type":"ListItem","position":2,"name":"\u00c9v\u00e9nements virtuels &amp; hybrides"}]},{"@type":"WebSite","@id":"https:\/\/hightechvision.ma\/#website","url":"https:\/\/hightechvision.ma\/","name":"hightechvision.ma","description":"Technology ingredients for creativity !","publisher":{"@id":"https:\/\/hightechvision.ma\/#organization"},"alternateName":"HTV","potentialAction":[{"@type":"SearchAction","target":{"@type":"EntryPoint","urlTemplate":"https:\/\/hightechvision.ma\/?s={search_term_string}"},"query-input":"required name=search_term_string"}],"inLanguage":"fr-FR"},{"@type":"Organization","@id":"https:\/\/hightechvision.ma\/#organization","name":"hightechvision","url":"https:\/\/hightechvision.ma\/","logo":{"@type":"ImageObject","inLanguage":"fr-FR","@id":"https:\/\/hightechvision.ma\/#\/schema\/logo\/image\/","url":"https:\/\/hightechvision.ma\/wp-content\/uploads\/2023\/11\/cropped-Logo-vf.png","contentUrl":"https:\/\/hightechvision.ma\/wp-content\/uploads\/2023\/11\/cropped-Logo-vf.png","width":2361,"height":1348,"caption":"hightechvision"},"image":{"@id":"https:\/\/hightechvision.ma\/#\/schema\/logo\/image\/"},"sameAs":["https:\/\/web.facebook.com\/hightechvision.ma\/?_rdc=1&_rdr"]}]}},"_links":{"self":[{"href":"https:\/\/hightechvision.ma\/index.php\/wp-json\/wp\/v2\/pages\/1752","targetHints":{"allow":["GET"]}}],"collection":[{"href":"https:\/\/hightechvision.ma\/index.php\/wp-json\/wp\/v2\/pages"}],"about":[{"href":"https:\/\/hightechvision.ma\/index.php\/wp-json\/wp\/v2\/types\/page"}],"author":[{"embeddable":true,"href":"https:\/\/hightechvision.ma\/index.php\/wp-json\/wp\/v2\/users\/1"}],"replies":[{"embeddable":true,"href":"https:\/\/hightechvision.ma\/index.php\/wp-json\/wp\/v2\/comments?post=1752"}],"version-history":[{"count":58,"href":"https:\/\/hightechvision.ma\/index.php\/wp-json\/wp\/v2\/pages\/1752\/revisions"}],"predecessor-version":[{"id":4764,"href":"https:\/\/hightechvision.ma\/index.php\/wp-json\/wp\/v2\/pages\/1752\/revisions\/4764"}],"wp:attachment":[{"href":"https:\/\/hightechvision.ma\/index.php\/wp-json\/wp\/v2\/media?parent=1752"}],"curies":[{"name":"wp","href":"https:\/\/api.w.org\/{rel}","templated":true}]}}